{"id":41,"date":"2026-03-18T22:17:31","date_gmt":"2026-03-18T21:17:31","guid":{"rendered":"https:\/\/salons-goree.org\/?page_id=41"},"modified":"2026-04-03T13:35:03","modified_gmt":"2026-04-03T11:35:03","slug":"contact","status":"publish","type":"page","link":"https:\/\/salons-goree.org\/en\/contact\/","title":{"rendered":"Contact"},"content":{"rendered":"<div class=\"wp-block-group alignfull has-global-padding is-layout-constrained wp-block-group-is-layout-constrained\" style=\"margin-top:0;margin-bottom:0;padding-top:var(--wp--preset--spacing--50);padding-bottom:var(--wp--preset--spacing--50)\">\n<div class=\"wp-block-group alignwide has-global-padding is-layout-constrained wp-block-group-is-layout-constrained\">\n<h2 class=\"wp-block-heading alignfull has-text-align-left has-xx-large-font-size\">How to get in touch with us<\/h2>\n\n\n\n<div class=\"wp-block-group alignwide is-vertical is-layout-flex wp-container-core-group-is-layout-3b39fef0 wp-block-group-is-layout-flex\" style=\"border-top-color:var(--wp--preset--color--accent-4);border-top-width:1px;margin-top:var(--wp--preset--spacing--50);padding-top:var(--wp--preset--spacing--60);padding-bottom:var(--wp--preset--spacing--60)\">\n<div class=\"wp-block-group wp-container-content-da09a7bf is-vertical is-layout-flex wp-container-core-group-is-layout-fe9cc265 wp-block-group-is-layout-flex\">\n<h3 class=\"wp-block-heading has-medium-font-size\" style=\"font-style:normal;font-weight:700\">Email<\/h3>\n\n\n\n<p class=\"has-medium-font-size\">Sira2026@salons-goree.org<\/p>\n<\/div>\n\n\n\n<div class=\"wp-block-group wp-container-content-69bc4bdf has-global-padding is-layout-constrained wp-block-group-is-layout-constrained\">\n<h3 class=\"wp-block-heading has-medium-font-size\" style=\"font-style:normal;font-weight:700\">Adresse<\/h3>\n\n\n\n<p class=\"has-medium-font-size\">\u00cele De Gor\u00e9e &#8211; BP 4 &#8211; Dakar\/S\u00e9n\u00e9gal<\/p>\n<\/div>\n\n\n\n<div class=\"wp-block-group is-layout-grid wp-container-core-group-is-layout-29271053 wp-block-group-is-layout-grid\">\n<div class=\"wp-block-group wp-container-content-b4c5012d has-global-padding is-layout-constrained wp-block-group-is-layout-constrained\">\n<h3 class=\"wp-block-heading has-medium-font-size\" style=\"font-style:normal;font-weight:700\">T\u00e9l\u00e9phone<\/h3>\n\n\n\n<p class=\"has-medium-font-size\">00221 76 881 52 54<\/p>\n\n\n\n<p>From 8 a.m. to 6 p.m GMT<\/p>\n<\/div>\n\n\n\n<p><\/p>\n<\/div>\n<\/div>\n<\/div>\n<\/div>","protected":false},"excerpt":{"rendered":"<p>Comment nous contacter Email Sira2026@salons-goree.org Adresse \u00cele De Gor\u00e9e &#8211; BP 4 &#8211; Dakar\/S\u00e9n\u00e9gal T\u00e9l\u00e9phone 00221 76 881 52 54 De 8:00 \u00e0 18:00 heures GMT<\/p>","protected":false},"author":1,"featured_media":0,"parent":0,"menu_order":0,"comment_status":"closed","ping_status":"closed","template":"","meta":{"footnotes":""},"class_list":["post-41","page","type-page","status-publish","hentry"],"yoast_head":"<!-- This site is optimized with the Yoast SEO plugin v27.1.1 - https:\/\/yoast.com\/product\/yoast-seo-wordpress\/ -->\n<title>Contact - salons-goree.org<\/title>\n<meta name=\"robots\" content=\"index, follow, max-snippet:-1, max-image-preview:large, max-video-preview:-1\" \/>\n<link rel=\"canonical\" href=\"https:\/\/salons-goree.org\/en\/contact\/\" \/>\n<meta property=\"og:locale\" content=\"en_US\" \/>\n<meta property=\"og:type\" content=\"article\" \/>\n<meta property=\"og:title\" content=\"Contact - salons-goree.org\" \/>\n<meta property=\"og:description\" content=\"Comment nous contacter Email Sira2026@salons-goree.org Adresse \u00cele De Gor\u00e9e &#8211; BP 4 &#8211; Dakar\/S\u00e9n\u00e9gal T\u00e9l\u00e9phone 00221 76 881 52 54 De 8:00 \u00e0 18:00 heures GMT\" \/>\n<meta property=\"og:url\" content=\"https:\/\/salons-goree.org\/en\/contact\/\" \/>\n<meta property=\"og:site_name\" content=\"salons-goree.org\" \/>\n<meta property=\"article:modified_time\" content=\"2026-04-03T11:35:03+00:00\" \/>\n<meta name=\"twitter:card\" content=\"summary_large_image\" \/>\n<meta name=\"twitter:label1\" content=\"Est. reading time\" \/>\n\t<meta name=\"twitter:data1\" content=\"1 minute\" \/>\n<script type=\"application\/ld+json\" class=\"yoast-schema-graph\">{\"@context\":\"https:\/\/schema.org\",\"@graph\":[{\"@type\":\"WebPage\",\"@id\":\"https:\/\/salons-goree.org\/contact\/\",\"url\":\"https:\/\/salons-goree.org\/contact\/\",\"name\":\"Contact - salons-goree.org\",\"isPartOf\":{\"@id\":\"https:\/\/salons-goree.org\/#website\"},\"datePublished\":\"2026-03-18T21:17:31+00:00\",\"dateModified\":\"2026-04-03T11:35:03+00:00\",\"breadcrumb\":{\"@id\":\"https:\/\/salons-goree.org\/contact\/#breadcrumb\"},\"inLanguage\":\"en-US\",\"potentialAction\":[{\"@type\":\"ReadAction\",\"target\":[\"https:\/\/salons-goree.org\/contact\/\"]}]},{\"@type\":\"BreadcrumbList\",\"@id\":\"https:\/\/salons-goree.org\/contact\/#breadcrumb\",\"itemListElement\":[{\"@type\":\"ListItem\",\"position\":1,\"name\":\"Home\",\"item\":\"https:\/\/salons-goree.org\/\"},{\"@type\":\"ListItem\",\"position\":2,\"name\":\"Contact\"}]},{\"@type\":\"WebSite\",\"@id\":\"https:\/\/salons-goree.org\/#website\",\"url\":\"https:\/\/salons-goree.org\/\",\"name\":\"salons-goree.org\",\"description\":\"L\u00e0 o\u00f9 l&#039;art et l&#039;histoire se rencontrent\",\"publisher\":{\"@id\":\"https:\/\/salons-goree.org\/#organization\"},\"potentialAction\":[{\"@type\":\"SearchAction\",\"target\":{\"@type\":\"EntryPoint\",\"urlTemplate\":\"https:\/\/salons-goree.org\/?s={search_term_string}\"},\"query-input\":{\"@type\":\"PropertyValueSpecification\",\"valueRequired\":true,\"valueName\":\"search_term_string\"}}],\"inLanguage\":\"en-US\"},{\"@type\":\"Organization\",\"@id\":\"https:\/\/salons-goree.org\/#organization\",\"name\":\"Salons Gor\u00e9e\",\"url\":\"https:\/\/salons-goree.org\/\",\"logo\":{\"@type\":\"ImageObject\",\"inLanguage\":\"en-US\",\"@id\":\"https:\/\/salons-goree.org\/#\/schema\/logo\/image\/\",\"url\":\"https:\/\/salons-goree.org\/wp-content\/uploads\/2026\/03\/Logo-1.svg\",\"contentUrl\":\"https:\/\/salons-goree.org\/wp-content\/uploads\/2026\/03\/Logo-1.svg\",\"width\":484,\"height\":181,\"caption\":\"Salons Gor\u00e9e\"},\"image\":{\"@id\":\"https:\/\/salons-goree.org\/#\/schema\/logo\/image\/\"}}]}<\/script>\n<!-- \/ Yoast SEO plugin. -->","yoast_head_json":{"title":"Contact - salons-goree.org","robots":{"index":"index","follow":"follow","max-snippet":"max-snippet:-1","max-image-preview":"max-image-preview:large","max-video-preview":"max-video-preview:-1"},"canonical":"https:\/\/salons-goree.org\/en\/contact\/","og_locale":"en_US","og_type":"article","og_title":"Contact - salons-goree.org","og_description":"Comment nous contacter Email Sira2026@salons-goree.org Adresse \u00cele De Gor\u00e9e &#8211; BP 4 &#8211; Dakar\/S\u00e9n\u00e9gal T\u00e9l\u00e9phone 00221 76 881 52 54 De 8:00 \u00e0 18:00 heures GMT","og_url":"https:\/\/salons-goree.org\/en\/contact\/","og_site_name":"salons-goree.org","article_modified_time":"2026-04-03T11:35:03+00:00","twitter_card":"summary_large_image","twitter_misc":{"Est. reading time":"1 minute"},"schema":{"@context":"https:\/\/schema.org","@graph":[{"@type":"WebPage","@id":"https:\/\/salons-goree.org\/contact\/","url":"https:\/\/salons-goree.org\/contact\/","name":"Contact - salons-goree.org","isPartOf":{"@id":"https:\/\/salons-goree.org\/#website"},"datePublished":"2026-03-18T21:17:31+00:00","dateModified":"2026-04-03T11:35:03+00:00","breadcrumb":{"@id":"https:\/\/salons-goree.org\/contact\/#breadcrumb"},"inLanguage":"en-US","potentialAction":[{"@type":"ReadAction","target":["https:\/\/salons-goree.org\/contact\/"]}]},{"@type":"BreadcrumbList","@id":"https:\/\/salons-goree.org\/contact\/#breadcrumb","itemListElement":[{"@type":"ListItem","position":1,"name":"Home","item":"https:\/\/salons-goree.org\/"},{"@type":"ListItem","position":2,"name":"Contact"}]},{"@type":"WebSite","@id":"https:\/\/salons-goree.org\/#website","url":"https:\/\/salons-goree.org\/","name":"salons-goree.org","description":"Where art and history meet","publisher":{"@id":"https:\/\/salons-goree.org\/#organization"},"potentialAction":[{"@type":"SearchAction","target":{"@type":"EntryPoint","urlTemplate":"https:\/\/salons-goree.org\/?s={search_term_string}"},"query-input":{"@type":"PropertyValueSpecification","valueRequired":true,"valueName":"search_term_string"}}],"inLanguage":"en-US"},{"@type":"Organization","@id":"https:\/\/salons-goree.org\/#organization","name":"Salons Gor\u00e9e","url":"https:\/\/salons-goree.org\/","logo":{"@type":"ImageObject","inLanguage":"en-US","@id":"https:\/\/salons-goree.org\/#\/schema\/logo\/image\/","url":"https:\/\/salons-goree.org\/wp-content\/uploads\/2026\/03\/Logo-1.svg","contentUrl":"https:\/\/salons-goree.org\/wp-content\/uploads\/2026\/03\/Logo-1.svg","width":484,"height":181,"caption":"Salons Gor\u00e9e"},"image":{"@id":"https:\/\/salons-goree.org\/#\/schema\/logo\/image\/"}}]}},"_links":{"self":[{"href":"https:\/\/salons-goree.org\/en\/wp-json\/wp\/v2\/pages\/41","targetHints":{"allow":["GET"]}}],"collection":[{"href":"https:\/\/salons-goree.org\/en\/wp-json\/wp\/v2\/pages"}],"about":[{"href":"https:\/\/salons-goree.org\/en\/wp-json\/wp\/v2\/types\/page"}],"author":[{"embeddable":true,"href":"https:\/\/salons-goree.org\/en\/wp-json\/wp\/v2\/users\/1"}],"replies":[{"embeddable":true,"href":"https:\/\/salons-goree.org\/en\/wp-json\/wp\/v2\/comments?post=41"}],"version-history":[{"count":6,"href":"https:\/\/salons-goree.org\/en\/wp-json\/wp\/v2\/pages\/41\/revisions"}],"predecessor-version":[{"id":325,"href":"https:\/\/salons-goree.org\/en\/wp-json\/wp\/v2\/pages\/41\/revisions\/325"}],"wp:attachment":[{"href":"https:\/\/salons-goree.org\/en\/wp-json\/wp\/v2\/media?parent=41"}],"curies":[{"name":"wp","href":"https:\/\/api.w.org\/{rel}","templated":true}]}}