{"id":37,"date":"2026-03-18T22:13:27","date_gmt":"2026-03-18T21:13:27","guid":{"rendered":"https:\/\/salons-goree.org\/?page_id=37"},"modified":"2026-03-23T15:43:11","modified_gmt":"2026-03-23T14:43:11","slug":"a-propos","status":"publish","type":"page","link":"https:\/\/salons-goree.org\/en\/a-propos\/","title":{"rendered":"About"},"content":{"rendered":"<div class=\"wp-block-group alignfull has-global-padding is-layout-constrained wp-container-core-group-is-layout-ebee8dc1 wp-block-group-is-layout-constrained\" style=\"margin-top:0;margin-bottom:0;padding-top:var(--wp--preset--spacing--50);padding-bottom:var(--wp--preset--spacing--50)\">\n<h2 class=\"wp-block-heading alignwide\">Board of Directors<\/h2>\n\n\n\n<div class=\"wp-block-columns alignwide is-style-default is-layout-flex wp-container-core-columns-is-layout-e0e4babd wp-block-columns-is-layout-flex\" style=\"padding-right:0;padding-left:0\">\n<div class=\"wp-block-column is-layout-flow wp-block-column-is-layout-flow\">\n<figure class=\"wp-block-image size-full\" style=\"margin-bottom:24px\"><img loading=\"lazy\" decoding=\"async\" width=\"875\" height=\"1167\" src=\"https:\/\/salons-goree.org\/wp-content\/uploads\/2026\/03\/WM-Gueye-007_Ibrahima-Gueye_president-edited.jpg\" alt=\"\" class=\"wp-image-244\" style=\"aspect-ratio:3\/4;object-fit:cover\" srcset=\"https:\/\/salons-goree.org\/wp-content\/uploads\/2026\/03\/WM-Gueye-007_Ibrahima-Gueye_president-edited.jpg 875w, https:\/\/salons-goree.org\/wp-content\/uploads\/2026\/03\/WM-Gueye-007_Ibrahima-Gueye_president-edited-225x300.jpg 225w, https:\/\/salons-goree.org\/wp-content\/uploads\/2026\/03\/WM-Gueye-007_Ibrahima-Gueye_president-edited-768x1024.jpg 768w, https:\/\/salons-goree.org\/wp-content\/uploads\/2026\/03\/WM-Gueye-007_Ibrahima-Gueye_president-edited-9x12.jpg 9w\" sizes=\"auto, (max-width: 875px) 100vw, 875px\" \/><\/figure>\n\n\n\n<h3 class=\"wp-block-heading\">Ibrahim Gueye<\/h3>\n\n\n\n<p class=\"has-medium-font-size\">President<\/p>\n<\/div>\n\n\n\n<div class=\"wp-block-column is-layout-flow wp-block-column-is-layout-flow\">\n<figure class=\"wp-block-image size-full\" style=\"margin-bottom:24px\"><img loading=\"lazy\" decoding=\"async\" width=\"2560\" height=\"1709\" src=\"https:\/\/salons-goree.org\/wp-content\/uploads\/2026\/03\/DSC_1685_Nafisatou-Diouf_secretaire_generale-scaled.jpg\" alt=\"\" class=\"wp-image-240\" style=\"aspect-ratio:3\/4;object-fit:cover\" srcset=\"https:\/\/salons-goree.org\/wp-content\/uploads\/2026\/03\/DSC_1685_Nafisatou-Diouf_secretaire_generale-scaled.jpg 2560w, https:\/\/salons-goree.org\/wp-content\/uploads\/2026\/03\/DSC_1685_Nafisatou-Diouf_secretaire_generale-300x200.jpg 300w, https:\/\/salons-goree.org\/wp-content\/uploads\/2026\/03\/DSC_1685_Nafisatou-Diouf_secretaire_generale-1024x684.jpg 1024w, https:\/\/salons-goree.org\/wp-content\/uploads\/2026\/03\/DSC_1685_Nafisatou-Diouf_secretaire_generale-768x513.jpg 768w, https:\/\/salons-goree.org\/wp-content\/uploads\/2026\/03\/DSC_1685_Nafisatou-Diouf_secretaire_generale-1536x1025.jpg 1536w, https:\/\/salons-goree.org\/wp-content\/uploads\/2026\/03\/DSC_1685_Nafisatou-Diouf_secretaire_generale-2048x1367.jpg 2048w, https:\/\/salons-goree.org\/wp-content\/uploads\/2026\/03\/DSC_1685_Nafisatou-Diouf_secretaire_generale-18x12.jpg 18w\" sizes=\"auto, (max-width: 2560px) 100vw, 2560px\" \/><\/figure>\n\n\n\n<h3 class=\"wp-block-heading\">Nafisatou Diouf<\/h3>\n\n\n\n<p class=\"has-medium-font-size\">Secretary General<\/p>\n<\/div>\n\n\n\n<div class=\"wp-block-column is-layout-flow wp-block-column-is-layout-flow\">\n<figure class=\"wp-block-image size-full\" style=\"margin-bottom:24px\"><img loading=\"lazy\" decoding=\"async\" width=\"2363\" height=\"2560\" src=\"https:\/\/salons-goree.org\/wp-content\/uploads\/2026\/03\/DSC_1079_Seynabou-Sow_tresoriere-Generale-scaled.jpg\" alt=\"\" class=\"wp-image-242\" style=\"aspect-ratio:3\/4;object-fit:cover\" srcset=\"https:\/\/salons-goree.org\/wp-content\/uploads\/2026\/03\/DSC_1079_Seynabou-Sow_tresoriere-Generale-scaled.jpg 2363w, https:\/\/salons-goree.org\/wp-content\/uploads\/2026\/03\/DSC_1079_Seynabou-Sow_tresoriere-Generale-277x300.jpg 277w, https:\/\/salons-goree.org\/wp-content\/uploads\/2026\/03\/DSC_1079_Seynabou-Sow_tresoriere-Generale-945x1024.jpg 945w, https:\/\/salons-goree.org\/wp-content\/uploads\/2026\/03\/DSC_1079_Seynabou-Sow_tresoriere-Generale-768x832.jpg 768w, https:\/\/salons-goree.org\/wp-content\/uploads\/2026\/03\/DSC_1079_Seynabou-Sow_tresoriere-Generale-1418x1536.jpg 1418w, https:\/\/salons-goree.org\/wp-content\/uploads\/2026\/03\/DSC_1079_Seynabou-Sow_tresoriere-Generale-1890x2048.jpg 1890w, https:\/\/salons-goree.org\/wp-content\/uploads\/2026\/03\/DSC_1079_Seynabou-Sow_tresoriere-Generale-11x12.jpg 11w\" sizes=\"auto, (max-width: 2363px) 100vw, 2363px\" \/><\/figure>\n\n\n\n<h3 class=\"wp-block-heading\">Seynabou Sow<\/h3>\n\n\n\n<p class=\"has-medium-font-size\">General Treasurer<\/p>\n<\/div>\n\n\n\n<div class=\"wp-block-column is-layout-flow wp-block-column-is-layout-flow\">\n<figure class=\"wp-block-image size-full\" style=\"margin-bottom:24px\"><img loading=\"lazy\" decoding=\"async\" width=\"2560\" height=\"1709\" src=\"https:\/\/salons-goree.org\/wp-content\/uploads\/2026\/03\/DSC_1202_Ndeye-Khar-Seye_secretaire-generale-adjointe-scaled.jpg\" alt=\"\" class=\"wp-image-239\" style=\"aspect-ratio:3\/4;object-fit:cover\" srcset=\"https:\/\/salons-goree.org\/wp-content\/uploads\/2026\/03\/DSC_1202_Ndeye-Khar-Seye_secretaire-generale-adjointe-scaled.jpg 2560w, https:\/\/salons-goree.org\/wp-content\/uploads\/2026\/03\/DSC_1202_Ndeye-Khar-Seye_secretaire-generale-adjointe-300x200.jpg 300w, https:\/\/salons-goree.org\/wp-content\/uploads\/2026\/03\/DSC_1202_Ndeye-Khar-Seye_secretaire-generale-adjointe-1024x684.jpg 1024w, https:\/\/salons-goree.org\/wp-content\/uploads\/2026\/03\/DSC_1202_Ndeye-Khar-Seye_secretaire-generale-adjointe-768x513.jpg 768w, https:\/\/salons-goree.org\/wp-content\/uploads\/2026\/03\/DSC_1202_Ndeye-Khar-Seye_secretaire-generale-adjointe-1536x1025.jpg 1536w, https:\/\/salons-goree.org\/wp-content\/uploads\/2026\/03\/DSC_1202_Ndeye-Khar-Seye_secretaire-generale-adjointe-2048x1367.jpg 2048w, https:\/\/salons-goree.org\/wp-content\/uploads\/2026\/03\/DSC_1202_Ndeye-Khar-Seye_secretaire-generale-adjointe-18x12.jpg 18w\" sizes=\"auto, (max-width: 2560px) 100vw, 2560px\" \/><\/figure>\n\n\n\n<h3 class=\"wp-block-heading\">Ndeye Khar Seye<\/h3>\n\n\n\n<p class=\"has-medium-font-size\">Assistant Secretary General<\/p>\n<\/div>\n\n\n\n<div class=\"wp-block-column is-layout-flow wp-block-column-is-layout-flow\">\n<figure class=\"wp-block-image size-full\" style=\"margin-bottom:24px\"><img loading=\"lazy\" decoding=\"async\" width=\"910\" height=\"916\" src=\"https:\/\/salons-goree.org\/wp-content\/uploads\/2026\/03\/DSC_0909a.jpg\" alt=\"\" class=\"wp-image-264\" style=\"aspect-ratio:3\/4;object-fit:cover\" srcset=\"https:\/\/salons-goree.org\/wp-content\/uploads\/2026\/03\/DSC_0909a.jpg 910w, https:\/\/salons-goree.org\/wp-content\/uploads\/2026\/03\/DSC_0909a-298x300.jpg 298w, https:\/\/salons-goree.org\/wp-content\/uploads\/2026\/03\/DSC_0909a-150x150.jpg 150w, https:\/\/salons-goree.org\/wp-content\/uploads\/2026\/03\/DSC_0909a-768x773.jpg 768w, https:\/\/salons-goree.org\/wp-content\/uploads\/2026\/03\/DSC_0909a-12x12.jpg 12w\" sizes=\"auto, (max-width: 910px) 100vw, 910px\" \/><\/figure>\n\n\n\n<h3 class=\"wp-block-heading\">D\u00e9gu\u00e8ne Ndiaye<\/h3>\n\n\n\n<p class=\"has-medium-font-size\">Assistant General Treasurer<\/p>\n<\/div>\n<\/div>\n<\/div>\n\n\n\n<div class=\"wp-block-group alignfull is-style-section-1 has-custom-off-white-background-color has-background has-global-padding is-layout-constrained wp-block-group-is-layout-constrained is-style-section-1--1\" style=\"margin-top:0;margin-bottom:0;padding-top:var(--wp--preset--spacing--80);padding-bottom:var(--wp--preset--spacing--80)\">\n<div class=\"wp-block-columns alignwide is-layout-flex wp-container-core-columns-is-layout-66fad18a wp-block-columns-is-layout-flex\">\n<div class=\"wp-block-column is-layout-flow wp-block-column-is-layout-flow\" style=\"padding-right:var(--wp--preset--spacing--50);flex-basis:45%\">\n<figure class=\"wp-block-image size-full\"><img loading=\"lazy\" decoding=\"async\" width=\"2560\" height=\"1920\" src=\"https:\/\/salons-goree.org\/wp-content\/uploads\/2026\/03\/DSCN6014-scaled.jpg\" alt=\"\" class=\"wp-image-99\" srcset=\"https:\/\/salons-goree.org\/wp-content\/uploads\/2026\/03\/DSCN6014-scaled.jpg 2560w, https:\/\/salons-goree.org\/wp-content\/uploads\/2026\/03\/DSCN6014-300x225.jpg 300w, https:\/\/salons-goree.org\/wp-content\/uploads\/2026\/03\/DSCN6014-1024x768.jpg 1024w, https:\/\/salons-goree.org\/wp-content\/uploads\/2026\/03\/DSCN6014-768x576.jpg 768w, https:\/\/salons-goree.org\/wp-content\/uploads\/2026\/03\/DSCN6014-1536x1152.jpg 1536w, https:\/\/salons-goree.org\/wp-content\/uploads\/2026\/03\/DSCN6014-2048x1536.jpg 2048w, https:\/\/salons-goree.org\/wp-content\/uploads\/2026\/03\/DSCN6014-16x12.jpg 16w\" sizes=\"auto, (max-width: 2560px) 100vw, 2560px\" \/><\/figure>\n\n\n\n<div class=\"wp-block-group has-global-padding is-layout-constrained wp-block-group-is-layout-constrained\" style=\"margin-top:-12vw\"><\/div>\n<\/div>\n\n\n\n<div class=\"wp-block-column is-vertically-aligned-center is-layout-flow wp-block-column-is-layout-flow\" style=\"padding-right:0;padding-left:0;flex-basis:50%\">\n<div class=\"wp-block-group is-vertical is-layout-flex wp-container-core-group-is-layout-fe9cc265 wp-block-group-is-layout-flex\">\n<h2 class=\"wp-block-heading is-style-text-annotation is-style-text-annotation--2\">Promoting African Artisanal and Artistic Excellence<\/h2>\n<\/div>\n\n\n\n<p class=\"is-style-text-subtitle is-style-text-subtitle--3\">\"Les Salons de Gor\u00e9e\" is a cultural organization based on the island of Gor\u00e9e, off the coast of Dakar, Senegal. Our mission is to celebrate and promote the craft and art professions of West Africa, offering an international showcase for the region's creators and artisans.<\/p>\n\n\n\n<p class=\"is-style-text-subtitle is-style-text-subtitle--4 translation-block\">Every year, we organize a major arts and crafts fair on Gor\u00e9e Island, bringing together artisans, artists, and visitors from Senegal, West Africa, and around the world. In addition to the exhibitions, we organize conferences, forums, film screenings, and roundtable discussions in collaboration with institutions such as the \u201cGoree Institute\u201d to foster dialogue on the region\u2019s cultural, economic, and social issues.<\/p>\n<\/div>\n<\/div>\n<\/div>","protected":false},"excerpt":{"rendered":"<p>Conseil de gestion Ibrahim Gueye Pr\u00e9sident Nafisatou Diouf Secre\u0301taire ge\u0301ne\u0301rale Seynabou Sow Tre\u0301sorie\u0300re ge\u0301ne\u0301rale Ndeye Khar Seye Secre\u0301taire ge\u0301ne\u0301rale adjointe D\u00e9gu\u00e8ne Ndiaye Tre\u0301sorie\u0300re adjointe Promouvoir l&rsquo;excellence artisanale et artistique africaine \u00ab\u00a0Les Salons de Gor\u00e9e\u00a0\u00bb est une organisation culturelle bas\u00e9e sur l&rsquo;\u00eele de Gor\u00e9e, au large de Dakar, S\u00e9n\u00e9gal. Notre vocation est de valoriser les m\u00e9tiers [&hellip;]<\/p>\n","protected":false},"author":1,"featured_media":0,"parent":0,"menu_order":0,"comment_status":"closed","ping_status":"closed","template":"","meta":{"footnotes":""},"class_list":["post-37","page","type-page","status-publish","hentry"],"yoast_head":"<!-- This site is optimized with the Yoast SEO plugin v27.1.1 - https:\/\/yoast.com\/product\/yoast-seo-wordpress\/ -->\n<title>\u00c0 propos - salons-goree.org<\/title>\n<meta name=\"robots\" content=\"index, follow, max-snippet:-1, max-image-preview:large, max-video-preview:-1\" \/>\n<link rel=\"canonical\" href=\"https:\/\/salons-goree.org\/en\/a-propos\/\" \/>\n<meta property=\"og:locale\" content=\"en_US\" \/>\n<meta property=\"og:type\" content=\"article\" \/>\n<meta property=\"og:title\" content=\"\u00c0 propos - salons-goree.org\" \/>\n<meta property=\"og:description\" content=\"Conseil de gestion Ibrahim Gueye Pr\u00e9sident Nafisatou Diouf Secre\u0301taire ge\u0301ne\u0301rale Seynabou Sow Tre\u0301sorie\u0300re ge\u0301ne\u0301rale Ndeye Khar Seye Secre\u0301taire ge\u0301ne\u0301rale adjointe D\u00e9gu\u00e8ne Ndiaye Tre\u0301sorie\u0300re adjointe Promouvoir l&rsquo;excellence artisanale et artistique africaine \u00ab\u00a0Les Salons de Gor\u00e9e\u00a0\u00bb est une organisation culturelle bas\u00e9e sur l&rsquo;\u00eele de Gor\u00e9e, au large de Dakar, S\u00e9n\u00e9gal. Notre vocation est de valoriser les m\u00e9tiers [&hellip;]\" \/>\n<meta property=\"og:url\" content=\"https:\/\/salons-goree.org\/en\/a-propos\/\" \/>\n<meta property=\"og:site_name\" content=\"salons-goree.org\" \/>\n<meta property=\"article:modified_time\" content=\"2026-03-23T14:43:11+00:00\" \/>\n<meta property=\"og:image\" content=\"https:\/\/salons-goree.org\/wp-content\/uploads\/2026\/03\/WM-Gueye-007_Ibrahima-Gueye_president-edited.jpg\" \/>\n\t<meta property=\"og:image:width\" content=\"875\" \/>\n\t<meta property=\"og:image:height\" content=\"1167\" \/>\n\t<meta property=\"og:image:type\" content=\"image\/jpeg\" \/>\n<meta name=\"twitter:card\" content=\"summary_large_image\" \/>\n<meta name=\"twitter:label1\" content=\"Est. reading time\" \/>\n\t<meta name=\"twitter:data1\" content=\"2 minutes\" \/>\n<script type=\"application\/ld+json\" class=\"yoast-schema-graph\">{\"@context\":\"https:\/\/schema.org\",\"@graph\":[{\"@type\":\"WebPage\",\"@id\":\"https:\/\/salons-goree.org\/a-propos\/\",\"url\":\"https:\/\/salons-goree.org\/a-propos\/\",\"name\":\"\u00c0 propos - salons-goree.org\",\"isPartOf\":{\"@id\":\"https:\/\/salons-goree.org\/#website\"},\"primaryImageOfPage\":{\"@id\":\"https:\/\/salons-goree.org\/a-propos\/#primaryimage\"},\"image\":{\"@id\":\"https:\/\/salons-goree.org\/a-propos\/#primaryimage\"},\"thumbnailUrl\":\"https:\/\/salons-goree.org\/wp-content\/uploads\/2026\/03\/WM-Gueye-007_Ibrahima-Gueye_president-edited.jpg\",\"datePublished\":\"2026-03-18T21:13:27+00:00\",\"dateModified\":\"2026-03-23T14:43:11+00:00\",\"breadcrumb\":{\"@id\":\"https:\/\/salons-goree.org\/a-propos\/#breadcrumb\"},\"inLanguage\":\"en-US\",\"potentialAction\":[{\"@type\":\"ReadAction\",\"target\":[\"https:\/\/salons-goree.org\/a-propos\/\"]}]},{\"@type\":\"ImageObject\",\"inLanguage\":\"en-US\",\"@id\":\"https:\/\/salons-goree.org\/a-propos\/#primaryimage\",\"url\":\"https:\/\/salons-goree.org\/wp-content\/uploads\/2026\/03\/WM-Gueye-007_Ibrahima-Gueye_president-edited.jpg\",\"contentUrl\":\"https:\/\/salons-goree.org\/wp-content\/uploads\/2026\/03\/WM-Gueye-007_Ibrahima-Gueye_president-edited.jpg\"},{\"@type\":\"BreadcrumbList\",\"@id\":\"https:\/\/salons-goree.org\/a-propos\/#breadcrumb\",\"itemListElement\":[{\"@type\":\"ListItem\",\"position\":1,\"name\":\"Home\",\"item\":\"https:\/\/salons-goree.org\/\"},{\"@type\":\"ListItem\",\"position\":2,\"name\":\"\u00c0 propos\"}]},{\"@type\":\"WebSite\",\"@id\":\"https:\/\/salons-goree.org\/#website\",\"url\":\"https:\/\/salons-goree.org\/\",\"name\":\"salons-goree.org\",\"description\":\"L\u00e0 o\u00f9 l&#039;art et l&#039;histoire se rencontrent\",\"publisher\":{\"@id\":\"https:\/\/salons-goree.org\/#organization\"},\"potentialAction\":[{\"@type\":\"SearchAction\",\"target\":{\"@type\":\"EntryPoint\",\"urlTemplate\":\"https:\/\/salons-goree.org\/?s={search_term_string}\"},\"query-input\":{\"@type\":\"PropertyValueSpecification\",\"valueRequired\":true,\"valueName\":\"search_term_string\"}}],\"inLanguage\":\"en-US\"},{\"@type\":\"Organization\",\"@id\":\"https:\/\/salons-goree.org\/#organization\",\"name\":\"Salons Gor\u00e9e\",\"url\":\"https:\/\/salons-goree.org\/\",\"logo\":{\"@type\":\"ImageObject\",\"inLanguage\":\"en-US\",\"@id\":\"https:\/\/salons-goree.org\/#\/schema\/logo\/image\/\",\"url\":\"https:\/\/salons-goree.org\/wp-content\/uploads\/2026\/03\/Logo-1.svg\",\"contentUrl\":\"https:\/\/salons-goree.org\/wp-content\/uploads\/2026\/03\/Logo-1.svg\",\"width\":484,\"height\":181,\"caption\":\"Salons Gor\u00e9e\"},\"image\":{\"@id\":\"https:\/\/salons-goree.org\/#\/schema\/logo\/image\/\"}}]}<\/script>\n<!-- \/ Yoast SEO plugin. -->","yoast_head_json":{"title":"\u00c0 propos - salons-goree.org","robots":{"index":"index","follow":"follow","max-snippet":"max-snippet:-1","max-image-preview":"max-image-preview:large","max-video-preview":"max-video-preview:-1"},"canonical":"https:\/\/salons-goree.org\/en\/a-propos\/","og_locale":"en_US","og_type":"article","og_title":"\u00c0 propos - salons-goree.org","og_description":"Conseil de gestion Ibrahim Gueye Pr\u00e9sident Nafisatou Diouf Secre\u0301taire ge\u0301ne\u0301rale Seynabou Sow Tre\u0301sorie\u0300re ge\u0301ne\u0301rale Ndeye Khar Seye Secre\u0301taire ge\u0301ne\u0301rale adjointe D\u00e9gu\u00e8ne Ndiaye Tre\u0301sorie\u0300re adjointe Promouvoir l&rsquo;excellence artisanale et artistique africaine \u00ab\u00a0Les Salons de Gor\u00e9e\u00a0\u00bb est une organisation culturelle bas\u00e9e sur l&rsquo;\u00eele de Gor\u00e9e, au large de Dakar, S\u00e9n\u00e9gal. Notre vocation est de valoriser les m\u00e9tiers [&hellip;]","og_url":"https:\/\/salons-goree.org\/en\/a-propos\/","og_site_name":"salons-goree.org","article_modified_time":"2026-03-23T14:43:11+00:00","og_image":[{"width":875,"height":1167,"url":"https:\/\/salons-goree.org\/wp-content\/uploads\/2026\/03\/WM-Gueye-007_Ibrahima-Gueye_president-edited.jpg","type":"image\/jpeg"}],"twitter_card":"summary_large_image","twitter_misc":{"Est. reading time":"2 minutes"},"schema":{"@context":"https:\/\/schema.org","@graph":[{"@type":"WebPage","@id":"https:\/\/salons-goree.org\/a-propos\/","url":"https:\/\/salons-goree.org\/a-propos\/","name":"\u00c0 propos - salons-goree.org","isPartOf":{"@id":"https:\/\/salons-goree.org\/#website"},"primaryImageOfPage":{"@id":"https:\/\/salons-goree.org\/a-propos\/#primaryimage"},"image":{"@id":"https:\/\/salons-goree.org\/a-propos\/#primaryimage"},"thumbnailUrl":"https:\/\/salons-goree.org\/wp-content\/uploads\/2026\/03\/WM-Gueye-007_Ibrahima-Gueye_president-edited.jpg","datePublished":"2026-03-18T21:13:27+00:00","dateModified":"2026-03-23T14:43:11+00:00","breadcrumb":{"@id":"https:\/\/salons-goree.org\/a-propos\/#breadcrumb"},"inLanguage":"en-US","potentialAction":[{"@type":"ReadAction","target":["https:\/\/salons-goree.org\/a-propos\/"]}]},{"@type":"ImageObject","inLanguage":"en-US","@id":"https:\/\/salons-goree.org\/a-propos\/#primaryimage","url":"https:\/\/salons-goree.org\/wp-content\/uploads\/2026\/03\/WM-Gueye-007_Ibrahima-Gueye_president-edited.jpg","contentUrl":"https:\/\/salons-goree.org\/wp-content\/uploads\/2026\/03\/WM-Gueye-007_Ibrahima-Gueye_president-edited.jpg"},{"@type":"BreadcrumbList","@id":"https:\/\/salons-goree.org\/a-propos\/#breadcrumb","itemListElement":[{"@type":"ListItem","position":1,"name":"Home","item":"https:\/\/salons-goree.org\/"},{"@type":"ListItem","position":2,"name":"\u00c0 propos"}]},{"@type":"WebSite","@id":"https:\/\/salons-goree.org\/#website","url":"https:\/\/salons-goree.org\/","name":"salons-goree.org","description":"Where art and history meet","publisher":{"@id":"https:\/\/salons-goree.org\/#organization"},"potentialAction":[{"@type":"SearchAction","target":{"@type":"EntryPoint","urlTemplate":"https:\/\/salons-goree.org\/?s={search_term_string}"},"query-input":{"@type":"PropertyValueSpecification","valueRequired":true,"valueName":"search_term_string"}}],"inLanguage":"en-US"},{"@type":"Organization","@id":"https:\/\/salons-goree.org\/#organization","name":"Salons Gor\u00e9e","url":"https:\/\/salons-goree.org\/","logo":{"@type":"ImageObject","inLanguage":"en-US","@id":"https:\/\/salons-goree.org\/#\/schema\/logo\/image\/","url":"https:\/\/salons-goree.org\/wp-content\/uploads\/2026\/03\/Logo-1.svg","contentUrl":"https:\/\/salons-goree.org\/wp-content\/uploads\/2026\/03\/Logo-1.svg","width":484,"height":181,"caption":"Salons Gor\u00e9e"},"image":{"@id":"https:\/\/salons-goree.org\/#\/schema\/logo\/image\/"}}]}},"_links":{"self":[{"href":"https:\/\/salons-goree.org\/en\/wp-json\/wp\/v2\/pages\/37","targetHints":{"allow":["GET"]}}],"collection":[{"href":"https:\/\/salons-goree.org\/en\/wp-json\/wp\/v2\/pages"}],"about":[{"href":"https:\/\/salons-goree.org\/en\/wp-json\/wp\/v2\/types\/page"}],"author":[{"embeddable":true,"href":"https:\/\/salons-goree.org\/en\/wp-json\/wp\/v2\/users\/1"}],"replies":[{"embeddable":true,"href":"https:\/\/salons-goree.org\/en\/wp-json\/wp\/v2\/comments?post=37"}],"version-history":[{"count":10,"href":"https:\/\/salons-goree.org\/en\/wp-json\/wp\/v2\/pages\/37\/revisions"}],"predecessor-version":[{"id":265,"href":"https:\/\/salons-goree.org\/en\/wp-json\/wp\/v2\/pages\/37\/revisions\/265"}],"wp:attachment":[{"href":"https:\/\/salons-goree.org\/en\/wp-json\/wp\/v2\/media?parent=37"}],"curies":[{"name":"wp","href":"https:\/\/api.w.org\/{rel}","templated":true}]}}